{"id":245,"date":"2021-04-29T03:36:58","date_gmt":"2021-04-29T03:36:58","guid":{"rendered":"https:\/\/elastomer-technik.com\/about"},"modified":"2024-10-18T09:49:06","modified_gmt":"2024-10-18T08:49:06","slug":"about","status":"publish","type":"page","link":"https:\/\/elastomer-technik.com\/de\/about","title":{"rendered":"\u00dcBER UNS"},"content":{"rendered":"<div data-elementor-type=\"wp-page\" data-elementor-id=\"245\" class=\"elementor elementor-245\">\n\t\t\t\t\t\t<section class=\"elementor-section elementor-top-section elementor-element elementor-element-ea5e904 elementor-section-content-middle elementor-section-boxed elementor-section-height-default elementor-section-height-default\" data-id=\"ea5e904\" data-element_type=\"section\" data-settings=\"{&quot;background_background&quot;:&quot;classic&quot;}\">\n\t\t\t\t\t\t\t<div class=\"elementor-background-overlay\"><\/div>\n\t\t\t\t\t\t\t<div class=\"elementor-container elementor-column-gap-no\">\n\t\t\t\t\t<div class=\"elementor-column elementor-col-100 elementor-top-column elementor-element elementor-element-d122357\" data-id=\"d122357\" data-element_type=\"column\">\n\t\t\t<div class=\"elementor-widget-wrap elementor-element-populated\">\n\t\t\t\t\t\t<div class=\"elementor-element elementor-element-32e0ac0 elementor-vertical-align-top elementor-widget elementor-widget-image-box\" data-id=\"32e0ac0\" data-element_type=\"widget\" data-widget_type=\"image-box.default\">\n\t\t\t\t<div class=\"elementor-widget-container\">\n\t\t\t\t\t<div class=\"elementor-image-box-wrapper\"><div class=\"elementor-image-box-content\"><h1 class=\"elementor-image-box-title\">\u00dcber Uns<\/h1><p class=\"elementor-image-box-description\">Die ET Elastomer Technik GmbH hat den Anspruch der Null-Fehler-Produktion. Durch ein konsequentes und l\u00fcckenloses Qualit\u00e4tsmanagement in Verbindung mit einer prozessbezogenen Produktion, reduzieren wir m\u00f6gliche Fehlerquellen in allen Bereichen der Wertsch\u00f6pfungskette auf ein Minimum und garantieren die permanente Verbesserung unserer Produkte.<br>\n\nEs versteht sich, dass wir auch unsere Lieferanten auf diese Qualit\u00e4tsanforderungen verpflichten. Daher arbeiten wir ausschlie\u00dflich mit den Produkten international f\u00fchrender Hersteller und w\u00e4hlen unsere Partnerunternehmen nach strengen Qualit\u00e4tsstandards aus. So gew\u00e4hrleisten wir, dass nur die hochwertigsten Materialien der besten Hersteller im Produktportfolio bei ET Einzug halten.<br><\/p><\/div><\/div>\t\t\t\t<\/div>\n\t\t\t\t<\/div>\n\t\t\t\t\t<\/div>\n\t\t<\/div>\n\t\t\t\t\t<\/div>\n\t\t<\/section>\n\t\t\t\t<section class=\"elementor-section elementor-top-section elementor-element elementor-element-f9344a0 elementor-section-content-middle elementor-section-boxed elementor-section-height-default elementor-section-height-default\" data-id=\"f9344a0\" data-element_type=\"section\" data-settings=\"{&quot;background_background&quot;:&quot;classic&quot;}\">\n\t\t\t\t\t\t\t<div class=\"elementor-background-overlay\"><\/div>\n\t\t\t\t\t\t\t<div class=\"elementor-container elementor-column-gap-no\">\n\t\t\t\t\t<div class=\"elementor-column elementor-col-50 elementor-top-column elementor-element elementor-element-15655f1\" data-id=\"15655f1\" data-element_type=\"column\">\n\t\t\t<div class=\"elementor-widget-wrap elementor-element-populated\">\n\t\t\t\t\t\t<div class=\"elementor-element elementor-element-90eadb9 elementor-widget elementor-widget-image\" data-id=\"90eadb9\" data-element_type=\"widget\" data-widget_type=\"image.default\">\n\t\t\t\t<div class=\"elementor-widget-container\">\n\t\t\t\t\t\t\t\t\t\t\t\t\t\t\t<img decoding=\"async\" src=\"https:\/\/elastomer-technik.com\/wp-content\/uploads\/elementor\/thumbs\/Produktion-1-q3ljuyy4s098gm8caa52vni0qkl6tgkwvxn6x61ojg.png\" title=\"Produktion.png\" alt=\"Produktion.png\" loading=\"lazy\" \/>\t\t\t\t\t\t\t\t\t\t\t\t\t\t\t<\/div>\n\t\t\t\t<\/div>\n\t\t\t\t\t<\/div>\n\t\t<\/div>\n\t\t\t\t<div class=\"elementor-column elementor-col-50 elementor-top-column elementor-element elementor-element-61f7779\" data-id=\"61f7779\" data-element_type=\"column\" data-settings=\"{&quot;background_background&quot;:&quot;classic&quot;}\">\n\t\t\t<div class=\"elementor-widget-wrap elementor-element-populated\">\n\t\t\t\t\t<div class=\"elementor-background-overlay\"><\/div>\n\t\t\t\t\t\t<div class=\"elementor-element elementor-element-07cae14 elementor-widget elementor-widget-heading\" data-id=\"07cae14\" data-element_type=\"widget\" data-widget_type=\"heading.default\">\n\t\t\t\t<div class=\"elementor-widget-container\">\n\t\t\t\t\t<span class=\"elementor-heading-title elementor-size-large\">Wir bieten ein umfassendes Sortiment an unter Reinraumbedingungen hergestellten medizinischen Siliziumprodukten, die die meisten Anforderungen von Pharmaunternehmen, Krankenh\u00e4usern und medizinischen Ger\u00e4ten erf\u00fcllen.<\/span>\t\t\t\t<\/div>\n\t\t\t\t<\/div>\n\t\t\t\t\t<\/div>\n\t\t<\/div>\n\t\t\t\t\t<\/div>\n\t\t<\/section>\n\t\t\t\t<section class=\"elementor-section elementor-top-section elementor-element elementor-element-876fd14 elementor-section-boxed elementor-section-height-default elementor-section-height-default\" data-id=\"876fd14\" data-element_type=\"section\" data-settings=\"{&quot;background_background&quot;:&quot;classic&quot;}\">\n\t\t\t\t\t\t<div class=\"elementor-container elementor-column-gap-default\">\n\t\t\t\t\t<div class=\"elementor-column elementor-col-100 elementor-top-column elementor-element elementor-element-33442b3\" data-id=\"33442b3\" data-element_type=\"column\">\n\t\t\t<div class=\"elementor-widget-wrap elementor-element-populated\">\n\t\t\t\t\t\t<div class=\"elementor-element elementor-element-e0e1321 elementor-widget elementor-widget-text-editor\" data-id=\"e0e1321\" data-element_type=\"widget\" data-widget_type=\"text-editor.default\">\n\t\t\t\t<div class=\"elementor-widget-container\">\n\t\t\t\t\t\t\t\t\t<p><strong>CORE PURPOSE<\/strong><\/p><p>&#8220;To experience the joy of producing positive products for the benefit of the human beings and the environment.&#8221;<\/p>\t\t\t\t\t\t\t\t<\/div>\n\t\t\t\t<\/div>\n\t\t\t\t\t<\/div>\n\t\t<\/div>\n\t\t\t\t\t<\/div>\n\t\t<\/section>\n\t\t\t\t<section class=\"elementor-section elementor-top-section elementor-element elementor-element-71b8d0e elementor-section-full_width elementor-section-height-default elementor-section-height-default\" data-id=\"71b8d0e\" data-element_type=\"section\">\n\t\t\t\t\t\t<div class=\"elementor-container elementor-column-gap-default\">\n\t\t\t\t\t<div class=\"elementor-column elementor-col-100 elementor-top-column elementor-element elementor-element-c1ce302\" data-id=\"c1ce302\" data-element_type=\"column\">\n\t\t\t<div class=\"elementor-widget-wrap elementor-element-populated\">\n\t\t\t\t\t\t<div class=\"elementor-element elementor-element-374763b elementor-widget elementor-widget-text-editor\" data-id=\"374763b\" data-element_type=\"widget\" data-widget_type=\"text-editor.default\">\n\t\t\t\t<div class=\"elementor-widget-container\">\n\t\t\t\t\t\t\t\t\t<p><strong>\u00a0 \u00a0 \u00a0 \u00a0CORE IDEOLOGIES<br \/><\/strong><\/p><ul><li>Absolute Honest and Integrity<\/li><li>Zero compromise on product Quality<\/li><li>Respect for indivisual initiative and personal growth<\/li><li>Tolerance for honest mistakes<\/li><li>Respect for the environment<\/li><li>Corporate social responsibility<\/li><li>Customers,Suppliers,Employess and Bankers are partners<\/li><li>Strive to be lowest cost producer<\/li><\/ul>\t\t\t\t\t\t\t\t<\/div>\n\t\t\t\t<\/div>\n\t\t\t\t\t<\/div>\n\t\t<\/div>\n\t\t\t\t\t<\/div>\n\t\t<\/section>\n\t\t\t\t<section class=\"elementor-section elementor-top-section elementor-element elementor-element-5edde0e elementor-section-boxed elementor-section-height-default elementor-section-height-default\" data-id=\"5edde0e\" data-element_type=\"section\">\n\t\t\t\t\t\t<div class=\"elementor-container elementor-column-gap-default\">\n\t\t\t\t\t<div class=\"elementor-column elementor-col-100 elementor-top-column elementor-element elementor-element-7e0cc3b\" data-id=\"7e0cc3b\" data-element_type=\"column\">\n\t\t\t<div class=\"elementor-widget-wrap elementor-element-populated\">\n\t\t\t\t\t\t<div class=\"elementor-element elementor-element-6771ac8 elementor-widget elementor-widget-text-editor\" data-id=\"6771ac8\" data-element_type=\"widget\" data-widget_type=\"text-editor.default\">\n\t\t\t\t<div class=\"elementor-widget-container\">\n\t\t\t\t\t\t\t\t\t<h4>Zertifikate<\/h4>\t\t\t\t\t\t\t\t<\/div>\n\t\t\t\t<\/div>\n\t\t\t\t\t<\/div>\n\t\t<\/div>\n\t\t\t\t\t<\/div>\n\t\t<\/section>\n\t\t\t\t<section class=\"elementor-section elementor-top-section elementor-element elementor-element-694d40d elementor-section-boxed elementor-section-height-default elementor-section-height-default\" data-id=\"694d40d\" data-element_type=\"section\">\n\t\t\t\t\t\t<div class=\"elementor-container elementor-column-gap-default\">\n\t\t\t\t\t<div class=\"elementor-column elementor-col-100 elementor-top-column elementor-element elementor-element-e1fdc3d\" data-id=\"e1fdc3d\" data-element_type=\"column\">\n\t\t\t<div class=\"elementor-widget-wrap elementor-element-populated\">\n\t\t\t\t\t\t<div class=\"elementor-element elementor-element-84c80c1 elementor-widget elementor-widget-html\" data-id=\"84c80c1\" data-element_type=\"widget\" data-widget_type=\"html.default\">\n\t\t\t\t<div class=\"elementor-widget-container\">\n\t\t\t\t\t<script>\njQuery(document).ready(function($) {\nvar delay = 100; setTimeout(function() {\n$('.elementor-tab-title').removeClass('elementor-active');\n $('.elementor-tab-content').css('display', 'none'); }, delay);\n});\n<\/script>\t\t\t\t<\/div>\n\t\t\t\t<\/div>\n\t\t\t\t<div class=\"elementor-element elementor-element-4d63265 elementor-widget elementor-widget-accordion\" data-id=\"4d63265\" data-element_type=\"widget\" data-widget_type=\"accordion.default\">\n\t\t\t\t<div class=\"elementor-widget-container\">\n\t\t\t\t\t\t\t<div class=\"elementor-accordion\">\n\t\t\t\t\t\t\t<div class=\"elementor-accordion-item\">\n\t\t\t\t\t<div id=\"elementor-tab-title-8111\" class=\"elementor-tab-title\" data-tab=\"1\" role=\"button\" aria-controls=\"elementor-tab-content-8111\" aria-expanded=\"false\">\n\t\t\t\t\t\t\t\t\t\t\t\t\t<span class=\"elementor-accordion-icon elementor-accordion-icon-left\" aria-hidden=\"true\">\n\t\t\t\t\t\t\t\t\t\t\t\t\t\t\t<span class=\"elementor-accordion-icon-closed\"><i class=\"fas fa-plus\"><\/i><\/span>\n\t\t\t\t\t\t\t\t<span class=\"elementor-accordion-icon-opened\"><i class=\"fas fa-minus\"><\/i><\/span>\n\t\t\t\t\t\t\t\t\t\t\t\t\t\t<\/span>\n\t\t\t\t\t\t\t\t\t\t\t\t<a class=\"elementor-accordion-title\" tabindex=\"0\">DIN EN ISO 14001 Umweltmanagement \/ Environmental Management<\/a>\n\t\t\t\t\t<\/div>\n\t\t\t\t\t<div id=\"elementor-tab-content-8111\" class=\"elementor-tab-content elementor-clearfix\" data-tab=\"1\" role=\"region\" aria-labelledby=\"elementor-tab-title-8111\"><p>HAMMELBURG<\/p><p><a href=\"https:\/\/elastomer-technik.com\/wp-content\/uploads\/2023\/03\/DIN-EN-ISO-14001-Environmental-Management-HAB-EN.pdf\" target=\"_blank\" rel=\"noopener\">DIN EN ISO 14001 Environmental Management HAB (EN)<\/a><\/p><p><a href=\"https:\/\/elastomer-technik.com\/wp-content\/uploads\/2023\/03\/DIN-EN-ISO-14001-Umweltmanagement-HAB-DE.pdf\" target=\"_blank\" rel=\"noopener\">DIN EN ISO 14001 Umweltmanagement HAB (DE)<\/a><\/p><p>ELLHOFEN<\/p><p><a href=\"https:\/\/elastomer-technik.com\/wp-content\/uploads\/2023\/03\/DIN-EN-ISO-14001-Environmental-Management-ELL-EN.pdf\" target=\"_blank\" rel=\"noopener\">DIN EN ISO 14001 Environmental Management ELL (EN)<\/a><\/p><p><a href=\"https:\/\/elastomer-technik.com\/wp-content\/uploads\/2023\/03\/DIN-EN-ISO-14001-Umweltmanagement-ELL-DE.pdf\" target=\"_blank\" rel=\"noopener\">DIN EN ISO 14001 Umweltmanagement ELL (DE)<\/a><\/p><\/div>\n\t\t\t\t<\/div>\n\t\t\t\t\t\t\t<div class=\"elementor-accordion-item\">\n\t\t\t\t\t<div id=\"elementor-tab-title-8112\" class=\"elementor-tab-title\" data-tab=\"2\" role=\"button\" aria-controls=\"elementor-tab-content-8112\" aria-expanded=\"false\">\n\t\t\t\t\t\t\t\t\t\t\t\t\t<span class=\"elementor-accordion-icon elementor-accordion-icon-left\" aria-hidden=\"true\">\n\t\t\t\t\t\t\t\t\t\t\t\t\t\t\t<span class=\"elementor-accordion-icon-closed\"><i class=\"fas fa-plus\"><\/i><\/span>\n\t\t\t\t\t\t\t\t<span class=\"elementor-accordion-icon-opened\"><i class=\"fas fa-minus\"><\/i><\/span>\n\t\t\t\t\t\t\t\t\t\t\t\t\t\t<\/span>\n\t\t\t\t\t\t\t\t\t\t\t\t<a class=\"elementor-accordion-title\" tabindex=\"0\">EN ISO 13485 Qualit\u00e4tsmanagement \/ Quality Management<\/a>\n\t\t\t\t\t<\/div>\n\t\t\t\t\t<div id=\"elementor-tab-content-8112\" class=\"elementor-tab-content elementor-clearfix\" data-tab=\"2\" role=\"region\" aria-labelledby=\"elementor-tab-title-8112\"><p>HAMMELBURG &amp; ELLHOFEN<\/p><p><a href=\"https:\/\/elastomer-technik.com\/wp-content\/uploads\/2024\/10\/DIN-EN-ISO-13485-Quality-Management-for-Medical-Devices-EN.pdf\" target=\"_blank\" rel=\"noopener\">DIN EN ISO 13485 Quality Management for Medical Devices (EN)<\/a><\/p><p><a href=\"https:\/\/elastomer-technik.com\/wp-content\/uploads\/2024\/10\/DIN-EN-ISO-13485-Qualitatsmanagement-fur-Medizinprodukte-DE.pdf\" target=\"_blank\" rel=\"noopener\">DIN EN ISO 13485 Qualit\u00e4tsmanagement f\u00fcr Medizinprodukte (DE)<\/a><\/p><\/div>\n\t\t\t\t<\/div>\n\t\t\t\t\t\t\t<div class=\"elementor-accordion-item\">\n\t\t\t\t\t<div id=\"elementor-tab-title-8113\" class=\"elementor-tab-title\" data-tab=\"3\" role=\"button\" aria-controls=\"elementor-tab-content-8113\" aria-expanded=\"false\">\n\t\t\t\t\t\t\t\t\t\t\t\t\t<span class=\"elementor-accordion-icon elementor-accordion-icon-left\" aria-hidden=\"true\">\n\t\t\t\t\t\t\t\t\t\t\t\t\t\t\t<span class=\"elementor-accordion-icon-closed\"><i class=\"fas fa-plus\"><\/i><\/span>\n\t\t\t\t\t\t\t\t<span class=\"elementor-accordion-icon-opened\"><i class=\"fas fa-minus\"><\/i><\/span>\n\t\t\t\t\t\t\t\t\t\t\t\t\t\t<\/span>\n\t\t\t\t\t\t\t\t\t\t\t\t<a class=\"elementor-accordion-title\" tabindex=\"0\">EN ISO 9001  Qualit\u00e4tsmanagement \/ Quality Management<\/a>\n\t\t\t\t\t<\/div>\n\t\t\t\t\t<div id=\"elementor-tab-content-8113\" class=\"elementor-tab-content elementor-clearfix\" data-tab=\"3\" role=\"region\" aria-labelledby=\"elementor-tab-title-8113\"><p>HAMMELBURG &amp; ELLHOFEN<\/p><p><a href=\"https:\/\/elastomer-technik.com\/wp-content\/uploads\/2024\/10\/DIN-EN-ISO-9001-Quality-Management-EN.pdf\" target=\"_blank\" rel=\"noopener\">DIN EN ISO 9001 Quality Management (EN)<\/a><\/p><p><a href=\"https:\/\/elastomer-technik.com\/wp-content\/uploads\/2024\/10\/DIN-EN-ISO-9001-Qualitatsmanagement-DE.pdf\" target=\"_blank\" rel=\"noopener\">DIN EN ISO 9001 Qualit\u00e4tsmanagement (DE)<\/a><\/p><p>INDIA<\/p><p><a href=\"https:\/\/elastomer-technik.com\/wp-content\/uploads\/2023\/03\/ISO-9001-Quality-Management-Indien-EN.pdf\" target=\"_blank\" rel=\"noopener\">ISO 9001 Quality Management Indien (EN)<\/a><\/p><\/div>\n\t\t\t\t<\/div>\n\t\t\t\t\t\t\t<div class=\"elementor-accordion-item\">\n\t\t\t\t\t<div id=\"elementor-tab-title-8114\" class=\"elementor-tab-title\" data-tab=\"4\" role=\"button\" aria-controls=\"elementor-tab-content-8114\" aria-expanded=\"false\">\n\t\t\t\t\t\t\t\t\t\t\t\t\t<span class=\"elementor-accordion-icon elementor-accordion-icon-left\" aria-hidden=\"true\">\n\t\t\t\t\t\t\t\t\t\t\t\t\t\t\t<span class=\"elementor-accordion-icon-closed\"><i class=\"fas fa-plus\"><\/i><\/span>\n\t\t\t\t\t\t\t\t<span class=\"elementor-accordion-icon-opened\"><i class=\"fas fa-minus\"><\/i><\/span>\n\t\t\t\t\t\t\t\t\t\t\t\t\t\t<\/span>\n\t\t\t\t\t\t\t\t\t\t\t\t<a class=\"elementor-accordion-title\" tabindex=\"0\">Reinraum \/ Clean Room<\/a>\n\t\t\t\t\t<\/div>\n\t\t\t\t\t<div id=\"elementor-tab-content-8114\" class=\"elementor-tab-content elementor-clearfix\" data-tab=\"4\" role=\"region\" aria-labelledby=\"elementor-tab-title-8114\"><p>HAMMLEBURG<\/p><p><a href=\"https:\/\/elastomer-technik.com\/wp-content\/uploads\/2023\/03\/Zertifikat_Erstqualifizierung_Reinraum-Klasse-8_HAB.pdf\" target=\"_blank\" rel=\"noopener\">Erstqualifizierung Reinraum Klasse 8 HAB<\/a><\/p><p>ELLHOFEN<\/p><p><a href=\"https:\/\/elastomer-technik.com\/wp-content\/uploads\/2023\/03\/Certificate_Initial-qualification_Clean-room_ISO-class-8_Ellhofen_EN.pdf\" target=\"_blank\" rel=\"noopener\">Initial qualification Clean room ISO class 8 Ellhofen (EN)<\/a><\/p><p><a href=\"https:\/\/elastomer-technik.com\/wp-content\/uploads\/2023\/03\/Zertifikat_Erstqualifizierung_Reinraum_ISO-Klasse-8_Ellhofen_DE.pdf\" target=\"_blank\" rel=\"noopener\">Erstqualifizierung Reinraum ISO Klasse 8 Ellhofen(DE)<\/a><\/p><\/div>\n\t\t\t\t<\/div>\n\t\t\t\t\t\t\t\t<\/div>\n\t\t\t\t\t\t<\/div>\n\t\t\t\t<\/div>\n\t\t\t\t\t<\/div>\n\t\t<\/div>\n\t\t\t\t\t<\/div>\n\t\t<\/section>\n\t\t\t\t<\/div>","protected":false},"excerpt":{"rendered":"<p>About Us Quality shows in the details ET Elastomer Technik GmbH intends to provide a zero-defect production. A consistent end-to-end quality management in combination with a process focused production reduces possible error sources to a minimum in all parts of the value-added chain, so that we can guarantee the permanent improvement of our products. Strong &hellip;<\/p>\n<p class=\"read-more\"> <a class=\"\" href=\"https:\/\/elastomer-technik.com\/de\/about\"> <span class=\"screen-reader-text\">\u00dcBER UNS<\/span> Weiterlesen &raquo;<\/a><\/p>","protected":false},"author":1,"featured_media":0,"parent":0,"menu_order":0,"comment_status":"closed","ping_status":"closed","template":"","meta":{"site-sidebar-layout":"no-sidebar","site-content-layout":"page-builder","ast-global-header-display":"","ast-main-header-display":"","ast-hfb-above-header-display":"","ast-hfb-below-header-display":"","ast-hfb-mobile-header-display":"","site-post-title":"disabled","ast-breadcrumbs-content":"","ast-featured-img":"disabled","footer-sml-layout":"","theme-transparent-header-meta":"enabled","adv-header-id-meta":"","stick-header-meta":"","header-above-stick-meta":"","header-main-stick-meta":"","header-below-stick-meta":"","footnotes":""},"class_list":["post-245","page","type-page","status-publish","hentry"],"_links":{"self":[{"href":"https:\/\/elastomer-technik.com\/de\/wp-json\/wp\/v2\/pages\/245","targetHints":{"allow":["GET"]}}],"collection":[{"href":"https:\/\/elastomer-technik.com\/de\/wp-json\/wp\/v2\/pages"}],"about":[{"href":"https:\/\/elastomer-technik.com\/de\/wp-json\/wp\/v2\/types\/page"}],"author":[{"embeddable":true,"href":"https:\/\/elastomer-technik.com\/de\/wp-json\/wp\/v2\/users\/1"}],"replies":[{"embeddable":true,"href":"https:\/\/elastomer-technik.com\/de\/wp-json\/wp\/v2\/comments?post=245"}],"version-history":[{"count":111,"href":"https:\/\/elastomer-technik.com\/de\/wp-json\/wp\/v2\/pages\/245\/revisions"}],"predecessor-version":[{"id":1736,"href":"https:\/\/elastomer-technik.com\/de\/wp-json\/wp\/v2\/pages\/245\/revisions\/1736"}],"wp:attachment":[{"href":"https:\/\/elastomer-technik.com\/de\/wp-json\/wp\/v2\/media?parent=245"}],"curies":[{"name":"wp","href":"https:\/\/api.w.org\/{rel}","templated":true}]}}