{"id":246,"date":"2021-04-29T03:36:59","date_gmt":"2021-04-29T03:36:59","guid":{"rendered":"https:\/\/elastomer-technik.com\/services"},"modified":"2023-04-18T08:12:24","modified_gmt":"2023-04-18T08:12:24","slug":"services","status":"publish","type":"page","link":"https:\/\/elastomer-technik.com\/de\/services","title":{"rendered":"LEISTUNGEN"},"content":{"rendered":"<div data-elementor-type=\"wp-page\" data-elementor-id=\"246\" class=\"elementor elementor-246\">\n\t\t\t\t\t\t<section class=\"elementor-section elementor-top-section elementor-element elementor-element-baf406e elementor-section-content-middle elementor-section-boxed elementor-section-height-default elementor-section-height-default\" data-id=\"baf406e\" data-element_type=\"section\" data-settings=\"{&quot;background_background&quot;:&quot;classic&quot;}\">\n\t\t\t\t\t\t\t<div class=\"elementor-background-overlay\"><\/div>\n\t\t\t\t\t\t\t<div class=\"elementor-container elementor-column-gap-no\">\n\t\t\t\t\t<div class=\"elementor-column elementor-col-100 elementor-top-column elementor-element elementor-element-a468d57\" data-id=\"a468d57\" data-element_type=\"column\">\n\t\t\t<div class=\"elementor-widget-wrap elementor-element-populated\">\n\t\t\t\t\t\t<div class=\"elementor-element elementor-element-edbe2e8 elementor-vertical-align-top elementor-widget elementor-widget-image-box\" data-id=\"edbe2e8\" data-element_type=\"widget\" data-widget_type=\"image-box.default\">\n\t\t\t\t<div class=\"elementor-widget-container\">\n\t\t\t\t\t<div class=\"elementor-image-box-wrapper\"><div class=\"elementor-image-box-content\"><h1 class=\"elementor-image-box-title\">Unsere Leistungen<\/h1><p class=\"elementor-image-box-description\">In unserer Serienfertigung haben wir uns auf die Bed\u00fcrfnisse unserer Kunden eingestellt und produzieren nach ISO-zertifizierten Technologien kleine, mittlere und gro\u00dfe Losgr\u00f6\u00dfen \u2013 angefangen im zweistelligen Bereich bis zu \u00fcber 200 Millionen Teilen.<\/p><\/div><\/div>\t\t\t\t<\/div>\n\t\t\t\t<\/div>\n\t\t\t\t\t<\/div>\n\t\t<\/div>\n\t\t\t\t\t<\/div>\n\t\t<\/section>\n\t\t\t\t<section class=\"elementor-section elementor-top-section elementor-element elementor-element-ffcffe2 elementor-section-boxed elementor-section-height-default elementor-section-height-default\" data-id=\"ffcffe2\" data-element_type=\"section\">\n\t\t\t\t\t\t<div class=\"elementor-container elementor-column-gap-no\">\n\t\t\t\t\t<div class=\"elementor-column elementor-col-100 elementor-top-column elementor-element elementor-element-9ba166f\" data-id=\"9ba166f\" data-element_type=\"column\">\n\t\t\t<div class=\"elementor-widget-wrap elementor-element-populated\">\n\t\t\t\t\t\t<div class=\"elementor-element elementor-element-94a141e elementor-widget elementor-widget-heading\" data-id=\"94a141e\" data-element_type=\"widget\" data-widget_type=\"heading.default\">\n\t\t\t\t<div class=\"elementor-widget-container\">\n\t\t\t\t\t<h2 class=\"elementor-heading-title elementor-size-default\">Erfahrung ist unsere St\u00e4rke<\/h2>\t\t\t\t<\/div>\n\t\t\t\t<\/div>\n\t\t\t\t<section class=\"elementor-section elementor-inner-section elementor-element elementor-element-d216bfb elementor-section-full_width elementor-section-height-default elementor-section-height-default\" data-id=\"d216bfb\" data-element_type=\"section\">\n\t\t\t\t\t\t<div class=\"elementor-container elementor-column-gap-default\">\n\t\t\t\t\t<div class=\"elementor-column elementor-col-33 elementor-inner-column elementor-element elementor-element-ad5cf3d\" data-id=\"ad5cf3d\" data-element_type=\"column\">\n\t\t\t<div class=\"elementor-widget-wrap elementor-element-populated\">\n\t\t\t\t\t\t<div class=\"elementor-element elementor-element-8fcb0bf elementor-widget elementor-widget-image\" data-id=\"8fcb0bf\" data-element_type=\"widget\" data-widget_type=\"image.default\">\n\t\t\t\t<div class=\"elementor-widget-container\">\n\t\t\t\t\t\t\t\t\t\t\t\t\t\t\t<img fetchpriority=\"high\" decoding=\"async\" width=\"1024\" height=\"683\" src=\"https:\/\/elastomer-technik.com\/wp-content\/uploads\/2023\/03\/pexels-pixabay-40568-1-1024x683.jpg\" class=\"attachment-large size-large wp-image-1146\" alt=\"\" srcset=\"https:\/\/elastomer-technik.com\/wp-content\/uploads\/2023\/03\/pexels-pixabay-40568-1-1024x683.jpg 1024w, https:\/\/elastomer-technik.com\/wp-content\/uploads\/2023\/03\/pexels-pixabay-40568-1-300x200.jpg 300w, https:\/\/elastomer-technik.com\/wp-content\/uploads\/2023\/03\/pexels-pixabay-40568-1-768x512.jpg 768w, https:\/\/elastomer-technik.com\/wp-content\/uploads\/2023\/03\/pexels-pixabay-40568-1-1536x1024.jpg 1536w, https:\/\/elastomer-technik.com\/wp-content\/uploads\/2023\/03\/pexels-pixabay-40568-1-2048x1365.jpg 2048w\" sizes=\"(max-width: 1024px) 100vw, 1024px\" \/>\t\t\t\t\t\t\t\t\t\t\t\t\t\t\t<\/div>\n\t\t\t\t<\/div>\n\t\t\t\t<div class=\"elementor-element elementor-element-634b989 elementor-widget elementor-widget-heading\" data-id=\"634b989\" data-element_type=\"widget\" data-widget_type=\"heading.default\">\n\t\t\t\t<div class=\"elementor-widget-container\">\n\t\t\t\t\t<h4 class=\"elementor-heading-title elementor-size-default\">Medizintechnik<\/h4>\t\t\t\t<\/div>\n\t\t\t\t<\/div>\n\t\t\t\t<div class=\"elementor-element elementor-element-d7a267f elementor-widget elementor-widget-text-editor\" data-id=\"d7a267f\" data-element_type=\"widget\" data-widget_type=\"text-editor.default\">\n\t\t\t\t<div class=\"elementor-widget-container\">\n\t\t\t\t\t\t\t\t\t<p>Drainagesysteme, Portsysteme, Atembeutel, Zahnschutz, Atemmasken, Kurz- und Langzeitimplantate<\/p>\t\t\t\t\t\t\t\t<\/div>\n\t\t\t\t<\/div>\n\t\t\t\t\t<\/div>\n\t\t<\/div>\n\t\t\t\t<div class=\"elementor-column elementor-col-33 elementor-inner-column elementor-element elementor-element-02b211b\" data-id=\"02b211b\" data-element_type=\"column\">\n\t\t\t<div class=\"elementor-widget-wrap elementor-element-populated\">\n\t\t\t\t\t\t<div class=\"elementor-element elementor-element-771dbd8 elementor-widget elementor-widget-image\" data-id=\"771dbd8\" data-element_type=\"widget\" data-widget_type=\"image.default\">\n\t\t\t\t<div class=\"elementor-widget-container\">\n\t\t\t\t\t\t\t\t\t\t\t\t\t\t\t<img decoding=\"async\" width=\"1024\" height=\"745\" src=\"https:\/\/elastomer-technik.com\/wp-content\/uploads\/2023\/03\/chris-liverani-HUJDz6CJEaM-unsplash-1024x745.jpg\" class=\"attachment-large size-large wp-image-1155\" alt=\"\" srcset=\"https:\/\/elastomer-technik.com\/wp-content\/uploads\/2023\/03\/chris-liverani-HUJDz6CJEaM-unsplash-1024x745.jpg 1024w, https:\/\/elastomer-technik.com\/wp-content\/uploads\/2023\/03\/chris-liverani-HUJDz6CJEaM-unsplash-scaled-e1678975991574-300x218.jpg 300w, https:\/\/elastomer-technik.com\/wp-content\/uploads\/2023\/03\/chris-liverani-HUJDz6CJEaM-unsplash-768x559.jpg 768w, https:\/\/elastomer-technik.com\/wp-content\/uploads\/2023\/03\/chris-liverani-HUJDz6CJEaM-unsplash-1536x1117.jpg 1536w, https:\/\/elastomer-technik.com\/wp-content\/uploads\/2023\/03\/chris-liverani-HUJDz6CJEaM-unsplash-2048x1490.jpg 2048w, https:\/\/elastomer-technik.com\/wp-content\/uploads\/2023\/03\/chris-liverani-HUJDz6CJEaM-unsplash-scaled-e1678975991574.jpg 700w\" sizes=\"(max-width: 1024px) 100vw, 1024px\" \/>\t\t\t\t\t\t\t\t\t\t\t\t\t\t\t<\/div>\n\t\t\t\t<\/div>\n\t\t\t\t<div class=\"elementor-element elementor-element-dde76b5 elementor-widget elementor-widget-heading\" data-id=\"dde76b5\" data-element_type=\"widget\" data-widget_type=\"heading.default\">\n\t\t\t\t<div class=\"elementor-widget-container\">\n\t\t\t\t\t<h4 class=\"elementor-heading-title elementor-size-default\">Automotive<\/h4>\t\t\t\t<\/div>\n\t\t\t\t<\/div>\n\t\t\t\t<div class=\"elementor-element elementor-element-61dec39 elementor-widget elementor-widget-text-editor\" data-id=\"61dec39\" data-element_type=\"widget\" data-widget_type=\"text-editor.default\">\n\t\t\t\t<div class=\"elementor-widget-container\">\n\t\t\t\t\t\t\t\t\t<p>Dichtmatten, Entkopplungsringe, D\u00e4mpfer, Steckerdichtungen, Schwingungsd\u00e4mpfer, 2-Komponenten-Verbundteil<\/p>\t\t\t\t\t\t\t\t<\/div>\n\t\t\t\t<\/div>\n\t\t\t\t\t<\/div>\n\t\t<\/div>\n\t\t\t\t<div class=\"elementor-column elementor-col-33 elementor-inner-column elementor-element elementor-element-78f8a38\" data-id=\"78f8a38\" data-element_type=\"column\">\n\t\t\t<div class=\"elementor-widget-wrap elementor-element-populated\">\n\t\t\t\t\t\t<div class=\"elementor-element elementor-element-92c7c91 elementor-widget elementor-widget-image\" data-id=\"92c7c91\" data-element_type=\"widget\" data-widget_type=\"image.default\">\n\t\t\t\t<div class=\"elementor-widget-container\">\n\t\t\t\t\t\t\t\t\t\t\t\t\t\t\t<img decoding=\"async\" width=\"1024\" height=\"686\" src=\"https:\/\/elastomer-technik.com\/wp-content\/uploads\/2023\/03\/arshad-pooloo-FK3s0hRpMNM-unsplash-1024x686.jpg\" class=\"attachment-large size-large wp-image-1160\" alt=\"\" srcset=\"https:\/\/elastomer-technik.com\/wp-content\/uploads\/2023\/03\/arshad-pooloo-FK3s0hRpMNM-unsplash-1024x686.jpg 1024w, https:\/\/elastomer-technik.com\/wp-content\/uploads\/2023\/03\/arshad-pooloo-FK3s0hRpMNM-unsplash-scaled-e1678976306294-300x201.jpg 300w, https:\/\/elastomer-technik.com\/wp-content\/uploads\/2023\/03\/arshad-pooloo-FK3s0hRpMNM-unsplash-768x514.jpg 768w, https:\/\/elastomer-technik.com\/wp-content\/uploads\/2023\/03\/arshad-pooloo-FK3s0hRpMNM-unsplash-1536x1028.jpg 1536w, https:\/\/elastomer-technik.com\/wp-content\/uploads\/2023\/03\/arshad-pooloo-FK3s0hRpMNM-unsplash-2048x1371.jpg 2048w, https:\/\/elastomer-technik.com\/wp-content\/uploads\/2023\/03\/arshad-pooloo-FK3s0hRpMNM-unsplash-scaled-e1678976306294.jpg 700w\" sizes=\"(max-width: 1024px) 100vw, 1024px\" \/>\t\t\t\t\t\t\t\t\t\t\t\t\t\t\t<\/div>\n\t\t\t\t<\/div>\n\t\t\t\t<div class=\"elementor-element elementor-element-616fff1 elementor-widget elementor-widget-heading\" data-id=\"616fff1\" data-element_type=\"widget\" data-widget_type=\"heading.default\">\n\t\t\t\t<div class=\"elementor-widget-container\">\n\t\t\t\t\t<h4 class=\"elementor-heading-title elementor-size-default\">Lebensmittelindustrie<\/h4>\t\t\t\t<\/div>\n\t\t\t\t<\/div>\n\t\t\t\t<div class=\"elementor-element elementor-element-dcf0c65 elementor-widget elementor-widget-text-editor\" data-id=\"dcf0c65\" data-element_type=\"widget\" data-widget_type=\"text-editor.default\">\n\t\t\t\t<div class=\"elementor-widget-container\">\n\t\t\t\t\t\t\t\t\t<p>Druckkn\u00f6pfe, Faltenb\u00e4lge, Verschlussventile, Geh\u00e4usedichtungen<\/p>\t\t\t\t\t\t\t\t<\/div>\n\t\t\t\t<\/div>\n\t\t\t\t\t<\/div>\n\t\t<\/div>\n\t\t\t\t\t<\/div>\n\t\t<\/section>\n\t\t\t\t<section class=\"elementor-section elementor-inner-section elementor-element elementor-element-83e47a7 elementor-section-full_width elementor-section-height-default elementor-section-height-default\" data-id=\"83e47a7\" data-element_type=\"section\">\n\t\t\t\t\t\t<div class=\"elementor-container elementor-column-gap-default\">\n\t\t\t\t\t<div class=\"elementor-column elementor-col-33 elementor-inner-column elementor-element elementor-element-0dbd2aa\" data-id=\"0dbd2aa\" data-element_type=\"column\">\n\t\t\t<div class=\"elementor-widget-wrap elementor-element-populated\">\n\t\t\t\t\t\t<div class=\"elementor-element elementor-element-67f52bd elementor-widget elementor-widget-image\" data-id=\"67f52bd\" data-element_type=\"widget\" data-widget_type=\"image.default\">\n\t\t\t\t<div class=\"elementor-widget-container\">\n\t\t\t\t\t\t\t\t\t\t\t\t\t\t\t<img loading=\"lazy\" decoding=\"async\" width=\"1024\" height=\"683\" src=\"https:\/\/elastomer-technik.com\/wp-content\/uploads\/2023\/03\/alexandre-debieve-FO7JIlwjOtU-unsplash-1024x683.jpg\" class=\"attachment-large size-large wp-image-1151\" alt=\"\" srcset=\"https:\/\/elastomer-technik.com\/wp-content\/uploads\/2023\/03\/alexandre-debieve-FO7JIlwjOtU-unsplash-1024x683.jpg 1024w, https:\/\/elastomer-technik.com\/wp-content\/uploads\/2023\/03\/alexandre-debieve-FO7JIlwjOtU-unsplash-scaled-e1678976726505-300x200.jpg 300w, https:\/\/elastomer-technik.com\/wp-content\/uploads\/2023\/03\/alexandre-debieve-FO7JIlwjOtU-unsplash-768x512.jpg 768w, https:\/\/elastomer-technik.com\/wp-content\/uploads\/2023\/03\/alexandre-debieve-FO7JIlwjOtU-unsplash-1536x1024.jpg 1536w, https:\/\/elastomer-technik.com\/wp-content\/uploads\/2023\/03\/alexandre-debieve-FO7JIlwjOtU-unsplash-2048x1365.jpg 2048w, https:\/\/elastomer-technik.com\/wp-content\/uploads\/2023\/03\/alexandre-debieve-FO7JIlwjOtU-unsplash-scaled-e1678976726505.jpg 700w\" sizes=\"(max-width: 1024px) 100vw, 1024px\" \/>\t\t\t\t\t\t\t\t\t\t\t\t\t\t\t<\/div>\n\t\t\t\t<\/div>\n\t\t\t\t<div class=\"elementor-element elementor-element-0b5986c elementor-widget elementor-widget-heading\" data-id=\"0b5986c\" data-element_type=\"widget\" data-widget_type=\"heading.default\">\n\t\t\t\t<div class=\"elementor-widget-container\">\n\t\t\t\t\t<h4 class=\"elementor-heading-title elementor-size-default\">Elektronikbranche<\/h4>\t\t\t\t<\/div>\n\t\t\t\t<\/div>\n\t\t\t\t<div class=\"elementor-element elementor-element-480e744 elementor-widget elementor-widget-text-editor\" data-id=\"480e744\" data-element_type=\"widget\" data-widget_type=\"text-editor.default\">\n\t\t\t\t<div class=\"elementor-widget-container\">\n\t\t\t\t\t\t\t\t\t<p>Radialdichtungen, Einzeladerdichtungen, Flachdichtungen, Isolatoren, Knickschutzt\u00fcllen, Tastaturen, Earpads<\/p>\t\t\t\t\t\t\t\t<\/div>\n\t\t\t\t<\/div>\n\t\t\t\t\t<\/div>\n\t\t<\/div>\n\t\t\t\t<div class=\"elementor-column elementor-col-33 elementor-inner-column elementor-element elementor-element-0da70c9\" data-id=\"0da70c9\" data-element_type=\"column\">\n\t\t\t<div class=\"elementor-widget-wrap elementor-element-populated\">\n\t\t\t\t\t\t<div class=\"elementor-element elementor-element-b0374be elementor-widget elementor-widget-image\" data-id=\"b0374be\" data-element_type=\"widget\" data-widget_type=\"image.default\">\n\t\t\t\t<div class=\"elementor-widget-container\">\n\t\t\t\t\t\t\t\t\t\t\t\t\t\t\t<img loading=\"lazy\" decoding=\"async\" width=\"700\" height=\"500\" src=\"https:\/\/elastomer-technik.com\/wp-content\/uploads\/2021\/04\/plumbing-services.jpg\" class=\"attachment-large size-large wp-image-411\" alt=\"\" srcset=\"https:\/\/elastomer-technik.com\/wp-content\/uploads\/2021\/04\/plumbing-services.jpg 700w, https:\/\/elastomer-technik.com\/wp-content\/uploads\/2021\/04\/plumbing-services-300x214.jpg 300w\" sizes=\"(max-width: 700px) 100vw, 700px\" \/>\t\t\t\t\t\t\t\t\t\t\t\t\t\t\t<\/div>\n\t\t\t\t<\/div>\n\t\t\t\t<div class=\"elementor-element elementor-element-b2459a1 elementor-widget elementor-widget-heading\" data-id=\"b2459a1\" data-element_type=\"widget\" data-widget_type=\"heading.default\">\n\t\t\t\t<div class=\"elementor-widget-container\">\n\t\t\t\t\t<h4 class=\"elementor-heading-title elementor-size-default\">Sanit\u00e4r- und Haushaltsbereich<\/h4>\t\t\t\t<\/div>\n\t\t\t\t<\/div>\n\t\t\t\t<div class=\"elementor-element elementor-element-cc6c899 elementor-widget elementor-widget-text-editor\" data-id=\"cc6c899\" data-element_type=\"widget\" data-widget_type=\"text-editor.default\">\n\t\t\t\t<div class=\"elementor-widget-container\">\n\t\t\t\t\t\t\t\t\t<p>Verbundteile, Hygieneb\u00fcrsten, T\u00fcrstopper, Flaschen\u00f6ffner<\/p>\t\t\t\t\t\t\t\t<\/div>\n\t\t\t\t<\/div>\n\t\t\t\t\t<\/div>\n\t\t<\/div>\n\t\t\t\t<div class=\"elementor-column elementor-col-33 elementor-inner-column elementor-element elementor-element-4ead8e6\" data-id=\"4ead8e6\" data-element_type=\"column\">\n\t\t\t<div class=\"elementor-widget-wrap elementor-element-populated\">\n\t\t\t\t\t\t<div class=\"elementor-element elementor-element-3855ef7 elementor-widget elementor-widget-image\" data-id=\"3855ef7\" data-element_type=\"widget\" data-widget_type=\"image.default\">\n\t\t\t\t<div class=\"elementor-widget-container\">\n\t\t\t\t\t\t\t\t\t\t\t\t\t\t\t<img loading=\"lazy\" decoding=\"async\" width=\"700\" height=\"500\" src=\"https:\/\/elastomer-technik.com\/wp-content\/uploads\/2021\/04\/heating-and-cooling.jpg\" class=\"attachment-large size-large wp-image-410\" alt=\"\" srcset=\"https:\/\/elastomer-technik.com\/wp-content\/uploads\/2021\/04\/heating-and-cooling.jpg 700w, https:\/\/elastomer-technik.com\/wp-content\/uploads\/2021\/04\/heating-and-cooling-300x214.jpg 300w\" sizes=\"(max-width: 700px) 100vw, 700px\" \/>\t\t\t\t\t\t\t\t\t\t\t\t\t\t\t<\/div>\n\t\t\t\t<\/div>\n\t\t\t\t<div class=\"elementor-element elementor-element-eeaeb53 elementor-widget elementor-widget-heading\" data-id=\"eeaeb53\" data-element_type=\"widget\" data-widget_type=\"heading.default\">\n\t\t\t\t<div class=\"elementor-widget-container\">\n\t\t\t\t\t<h4 class=\"elementor-heading-title elementor-size-default\">Maschinenbau<\/h4>\t\t\t\t<\/div>\n\t\t\t\t<\/div>\n\t\t\t\t<div class=\"elementor-element elementor-element-240ea1e elementor-widget elementor-widget-text-editor\" data-id=\"240ea1e\" data-element_type=\"widget\" data-widget_type=\"text-editor.default\">\n\t\t\t\t<div class=\"elementor-widget-container\">\n\t\t\t\t\t\t\t\t\t<p>Dichtringe, Verbundteile<\/p>\t\t\t\t\t\t\t\t<\/div>\n\t\t\t\t<\/div>\n\t\t\t\t\t<\/div>\n\t\t<\/div>\n\t\t\t\t\t<\/div>\n\t\t<\/section>\n\t\t\t\t\t<\/div>\n\t\t<\/div>\n\t\t\t\t\t<\/div>\n\t\t<\/section>\n\t\t\t\t<section class=\"elementor-section elementor-top-section elementor-element elementor-element-39d9a52 elementor-section-boxed elementor-section-height-default elementor-section-height-default\" data-id=\"39d9a52\" data-element_type=\"section\">\n\t\t\t\t\t\t<div class=\"elementor-container elementor-column-gap-no\">\n\t\t\t\t\t<div class=\"elementor-column elementor-col-66 elementor-top-column elementor-element elementor-element-a25d6da\" data-id=\"a25d6da\" data-element_type=\"column\">\n\t\t\t<div class=\"elementor-widget-wrap elementor-element-populated\">\n\t\t\t\t\t\t<div class=\"elementor-element elementor-element-3616575 elementor-widget elementor-widget-heading\" data-id=\"3616575\" data-element_type=\"widget\" data-widget_type=\"heading.default\">\n\t\t\t\t<div class=\"elementor-widget-container\">\n\t\t\t\t\t<h3 class=\"elementor-heading-title elementor-size-default\">Unsere Silikonprodukte bieten die folgenden Vorteile<\/h3>\t\t\t\t<\/div>\n\t\t\t\t<\/div>\n\t\t\t\t<div class=\"elementor-element elementor-element-ed8f82f elementor-widget elementor-widget-text-editor\" data-id=\"ed8f82f\" data-element_type=\"widget\" data-widget_type=\"text-editor.default\">\n\t\t\t\t<div class=\"elementor-widget-container\">\n\t\t\t\t\t\t\t\t\t<p>- Biokompatibilit\u00e4t nach USP Class VI und ISO 10993-1<\/p><p>- Geschmacks- und Geruchsneutralit\u00e4t<\/p><p>- Dauertemperaturbest\u00e4ndigkeit von -40\u00b0C bis +250\u00b0C<\/p><p>- Eignung f\u00fcr den direkten Blutkontakt<\/p>\t\t\t\t\t\t\t\t<\/div>\n\t\t\t\t<\/div>\n\t\t\t\t\t<\/div>\n\t\t<\/div>\n\t\t\t\t<div class=\"elementor-column elementor-col-33 elementor-top-column elementor-element elementor-element-3213bfd\" data-id=\"3213bfd\" data-element_type=\"column\">\n\t\t\t<div class=\"elementor-widget-wrap elementor-element-populated\">\n\t\t\t\t\t\t<div class=\"elementor-element elementor-element-c6a0e83 elementor-widget elementor-widget-heading\" data-id=\"c6a0e83\" data-element_type=\"widget\" data-widget_type=\"heading.default\">\n\t\t\t\t<div class=\"elementor-widget-container\">\n\t\t\t\t\t<h3 class=\"elementor-heading-title elementor-size-default\">Einige Anwendungen<\/h3>\t\t\t\t<\/div>\n\t\t\t\t<\/div>\n\t\t\t\t<div class=\"elementor-element elementor-element-376aaf8 elementor-icon-list--layout-traditional elementor-list-item-link-full_width elementor-widget elementor-widget-icon-list\" data-id=\"376aaf8\" data-element_type=\"widget\" data-widget_type=\"icon-list.default\">\n\t\t\t\t<div class=\"elementor-widget-container\">\n\t\t\t\t\t\t\t<ul class=\"elementor-icon-list-items\">\n\t\t\t\t\t\t\t<li class=\"elementor-icon-list-item\">\n\t\t\t\t\t\t\t\t\t\t\t<span class=\"elementor-icon-list-icon\">\n\t\t\t\t\t\t\t<i aria-hidden=\"true\" class=\"fas fa-check-circle\"><\/i>\t\t\t\t\t\t<\/span>\n\t\t\t\t\t\t\t\t\t\t<span class=\"elementor-icon-list-text\">Medizinische Implantate<\/span>\n\t\t\t\t\t\t\t\t\t<\/li>\n\t\t\t\t\t\t\t\t<li class=\"elementor-icon-list-item\">\n\t\t\t\t\t\t\t\t\t\t\t<span class=\"elementor-icon-list-icon\">\n\t\t\t\t\t\t\t<i aria-hidden=\"true\" class=\"fas fa-check-circle\"><\/i>\t\t\t\t\t\t<\/span>\n\t\t\t\t\t\t\t\t\t\t<span class=\"elementor-icon-list-text\">Drainagesysteme<\/span>\n\t\t\t\t\t\t\t\t\t<\/li>\n\t\t\t\t\t\t\t\t<li class=\"elementor-icon-list-item\">\n\t\t\t\t\t\t\t\t\t\t\t<span class=\"elementor-icon-list-icon\">\n\t\t\t\t\t\t\t<i aria-hidden=\"true\" class=\"fas fa-check-circle\"><\/i>\t\t\t\t\t\t<\/span>\n\t\t\t\t\t\t\t\t\t\t<span class=\"elementor-icon-list-text\">Schl\u00e4uche<\/span>\n\t\t\t\t\t\t\t\t\t<\/li>\n\t\t\t\t\t\t\t\t<li class=\"elementor-icon-list-item\">\n\t\t\t\t\t\t\t\t\t\t\t<span class=\"elementor-icon-list-icon\">\n\t\t\t\t\t\t\t<i aria-hidden=\"true\" class=\"fas fa-check-circle\"><\/i>\t\t\t\t\t\t<\/span>\n\t\t\t\t\t\t\t\t\t\t<span class=\"elementor-icon-list-text\">Zahnschutz<\/span>\n\t\t\t\t\t\t\t\t\t<\/li>\n\t\t\t\t\t\t\t\t<li class=\"elementor-icon-list-item\">\n\t\t\t\t\t\t\t\t\t\t\t<span class=\"elementor-icon-list-icon\">\n\t\t\t\t\t\t\t<i aria-hidden=\"true\" class=\"fas fa-check-circle\"><\/i>\t\t\t\t\t\t<\/span>\n\t\t\t\t\t\t\t\t\t\t<span class=\"elementor-icon-list-text\">Beatmungsger\u00e4te<\/span>\n\t\t\t\t\t\t\t\t\t<\/li>\n\t\t\t\t\t\t\t\t<li class=\"elementor-icon-list-item\">\n\t\t\t\t\t\t\t\t\t\t\t<span class=\"elementor-icon-list-icon\">\n\t\t\t\t\t\t\t<i aria-hidden=\"true\" class=\"fas fa-check-circle\"><\/i>\t\t\t\t\t\t<\/span>\n\t\t\t\t\t\t\t\t\t\t<span class=\"elementor-icon-list-text\">Isolatoren<\/span>\n\t\t\t\t\t\t\t\t\t<\/li>\n\t\t\t\t\t\t\t\t<li class=\"elementor-icon-list-item\">\n\t\t\t\t\t\t\t\t\t\t\t<span class=\"elementor-icon-list-icon\">\n\t\t\t\t\t\t\t<i aria-hidden=\"true\" class=\"fas fa-check-circle\"><\/i>\t\t\t\t\t\t<\/span>\n\t\t\t\t\t\t\t\t\t\t<span class=\"elementor-icon-list-text\">Knickschutzt\u00fcllen<\/span>\n\t\t\t\t\t\t\t\t\t<\/li>\n\t\t\t\t\t\t<\/ul>\n\t\t\t\t\t\t<\/div>\n\t\t\t\t<\/div>\n\t\t\t\t\t<\/div>\n\t\t<\/div>\n\t\t\t\t\t<\/div>\n\t\t<\/section>\n\t\t\t\t<\/div>","protected":false},"excerpt":{"rendered":"<p>Services We Offer Our series production is adjusted to our customer&#8217;s needs to produce with ISO-certified technologies small, medium and large lot sizes &#8211; ranging from double digit to 200 million parts. Experience is our strength Medical technology \/ Pharma \/ Baby Care Drainage systems, port systems, breathing bags, dental protections, breathing masks, short- and &hellip;<\/p>\n<p class=\"read-more\"> <a class=\"\" href=\"https:\/\/elastomer-technik.com\/de\/services\"> <span class=\"screen-reader-text\">LEISTUNGEN<\/span> Weiterlesen &raquo;<\/a><\/p>","protected":false},"author":1,"featured_media":0,"parent":0,"menu_order":0,"comment_status":"closed","ping_status":"closed","template":"elementor_theme","meta":{"site-sidebar-layout":"no-sidebar","site-content-layout":"page-builder","ast-global-header-display":"","ast-main-header-display":"","ast-hfb-above-header-display":"","ast-hfb-below-header-display":"","ast-hfb-mobile-header-display":"","site-post-title":"disabled","ast-breadcrumbs-content":"","ast-featured-img":"disabled","footer-sml-layout":"","theme-transparent-header-meta":"enabled","adv-header-id-meta":"","stick-header-meta":"","header-above-stick-meta":"","header-main-stick-meta":"","header-below-stick-meta":"","footnotes":""},"class_list":["post-246","page","type-page","status-publish","hentry"],"_links":{"self":[{"href":"https:\/\/elastomer-technik.com\/de\/wp-json\/wp\/v2\/pages\/246","targetHints":{"allow":["GET"]}}],"collection":[{"href":"https:\/\/elastomer-technik.com\/de\/wp-json\/wp\/v2\/pages"}],"about":[{"href":"https:\/\/elastomer-technik.com\/de\/wp-json\/wp\/v2\/types\/page"}],"author":[{"embeddable":true,"href":"https:\/\/elastomer-technik.com\/de\/wp-json\/wp\/v2\/users\/1"}],"replies":[{"embeddable":true,"href":"https:\/\/elastomer-technik.com\/de\/wp-json\/wp\/v2\/comments?post=246"}],"version-history":[{"count":50,"href":"https:\/\/elastomer-technik.com\/de\/wp-json\/wp\/v2\/pages\/246\/revisions"}],"predecessor-version":[{"id":1542,"href":"https:\/\/elastomer-technik.com\/de\/wp-json\/wp\/v2\/pages\/246\/revisions\/1542"}],"wp:attachment":[{"href":"https:\/\/elastomer-technik.com\/de\/wp-json\/wp\/v2\/media?parent=246"}],"curies":[{"name":"wp","href":"https:\/\/api.w.org\/{rel}","templated":true}]}}