{"id":497,"date":"2021-04-28T11:05:52","date_gmt":"2021-04-28T11:05:52","guid":{"rendered":"https:\/\/elastomer-technik.com\/home"},"modified":"2023-03-27T06:59:36","modified_gmt":"2023-03-27T06:59:36","slug":"home","status":"publish","type":"page","link":"https:\/\/elastomer-technik.com\/de\/","title":{"rendered":"HOME"},"content":{"rendered":"<div data-elementor-type=\"wp-page\" data-elementor-id=\"497\" class=\"elementor elementor-497\">\n\t\t\t\t\t\t<section class=\"elementor-section elementor-top-section elementor-element elementor-element-8ce6720 elementor-section-boxed elementor-section-height-default elementor-section-height-default\" data-id=\"8ce6720\" data-element_type=\"section\" data-settings=\"{&quot;background_background&quot;:&quot;classic&quot;}\">\n\t\t\t\t\t\t\t<div class=\"elementor-background-overlay\"><\/div>\n\t\t\t\t\t\t\t<div class=\"elementor-container elementor-column-gap-no\">\n\t\t\t\t\t<div class=\"elementor-column elementor-col-50 elementor-top-column elementor-element elementor-element-b341cfa\" data-id=\"b341cfa\" data-element_type=\"column\">\n\t\t\t<div class=\"elementor-widget-wrap elementor-element-populated\">\n\t\t\t\t\t\t<div class=\"elementor-element elementor-element-6056509 elementor-vertical-align-top elementor-widget elementor-widget-image-box\" data-id=\"6056509\" data-element_type=\"widget\" data-widget_type=\"image-box.default\">\n\t\t\t\t<div class=\"elementor-widget-container\">\n\t\t\t\t\t<div class=\"elementor-image-box-wrapper\"><div class=\"elementor-image-box-content\"><h1 class=\"elementor-image-box-title\">Ihr Partner in Sachen Silicon \u2013 branchen\u00fcbergreifend<\/h1><p class=\"elementor-image-box-description\">Mit \u00fcber 2.000 verschiedenen kundenspezifischen Produkten und Millionen gefertigter Teile pro Tag hat sich ET durch innovative L\u00f6sungen zu einem der f\u00fchrenden Unternehmen im Bereich der Silikon-Verarbeitung entwickelt. Konstruktion, Formenbau, Prototypen, Serien- oder Reinraumfertigung \u2013 alle wesentlichen Kompetenzen vereinen wir unter unseren D\u00e4chern.<br><br><br><\/p><\/div><\/div>\t\t\t\t<\/div>\n\t\t\t\t<\/div>\n\t\t\t\t\t<\/div>\n\t\t<\/div>\n\t\t\t\t<div class=\"elementor-column elementor-col-50 elementor-top-column elementor-element elementor-element-354ca86\" data-id=\"354ca86\" data-element_type=\"column\">\n\t\t\t<div class=\"elementor-widget-wrap elementor-element-populated\">\n\t\t\t\t\t\t<div class=\"elementor-element elementor-element-9a77e08 elementor-widget elementor-widget-image\" data-id=\"9a77e08\" data-element_type=\"widget\" data-widget_type=\"image.default\">\n\t\t\t\t<div class=\"elementor-widget-container\">\n\t\t\t\t\t\t\t\t\t\t\t\t\t\t\t<img decoding=\"async\" src=\"https:\/\/elastomer-technik.com\/wp-content\/uploads\/elementor\/thumbs\/Produktion-3-q3li7s1z6qgoh5spg02lwdppmvn6hajlcqwt27rwt0.png\" title=\"Produktion 3\" alt=\"Produktion 3\" loading=\"lazy\" \/>\t\t\t\t\t\t\t\t\t\t\t\t\t\t\t<\/div>\n\t\t\t\t<\/div>\n\t\t\t\t\t<\/div>\n\t\t<\/div>\n\t\t\t\t\t<\/div>\n\t\t<\/section>\n\t\t\t\t<section class=\"elementor-section elementor-top-section elementor-element elementor-element-eafb22d elementor-section-content-middle elementor-section-boxed elementor-section-height-default elementor-section-height-default\" data-id=\"eafb22d\" data-element_type=\"section\">\n\t\t\t\t\t\t<div class=\"elementor-container elementor-column-gap-no\">\n\t\t\t\t\t<div class=\"elementor-column elementor-col-50 elementor-top-column elementor-element elementor-element-d87ceee\" data-id=\"d87ceee\" data-element_type=\"column\">\n\t\t\t<div class=\"elementor-widget-wrap elementor-element-populated\">\n\t\t\t\t\t\t<div class=\"elementor-element elementor-element-ff98009 elementor-widget elementor-widget-image\" data-id=\"ff98009\" data-element_type=\"widget\" data-widget_type=\"image.default\">\n\t\t\t\t<div class=\"elementor-widget-container\">\n\t\t\t\t\t\t\t\t\t\t\t\t\t\t\t<img decoding=\"async\" src=\"https:\/\/elastomer-technik.com\/wp-content\/uploads\/elementor\/thumbs\/Produktion-2-1-1-q3ljumq5vg8hqkf1xx5a1qnbinigmprqmw8af7dtag.png\" title=\"Produktion-2-1.png\" alt=\"Produktion-2-1.png\" loading=\"lazy\" \/>\t\t\t\t\t\t\t\t\t\t\t\t\t\t\t<\/div>\n\t\t\t\t<\/div>\n\t\t\t\t\t<\/div>\n\t\t<\/div>\n\t\t\t\t<div class=\"elementor-column elementor-col-50 elementor-top-column elementor-element elementor-element-d04299c\" data-id=\"d04299c\" data-element_type=\"column\">\n\t\t\t<div class=\"elementor-widget-wrap elementor-element-populated\">\n\t\t\t\t\t\t<div class=\"elementor-element elementor-element-6d73cf3 elementor-widget elementor-widget-heading\" data-id=\"6d73cf3\" data-element_type=\"widget\" data-widget_type=\"heading.default\">\n\t\t\t\t<div class=\"elementor-widget-container\">\n\t\t\t\t\t<h5 class=\"elementor-heading-title elementor-size-default\"><h2 class=\"elementor-heading-title elementor-size-small elementor-inline-editing pen\" data-elementor-setting-key=\"title\" data-pen-placeholder=\"Type Here...\" style=\"font-style: normal\">Silikon in Perfektion<\/h2><\/h5>\t\t\t\t<\/div>\n\t\t\t\t<\/div>\n\t\t\t\t<div class=\"elementor-element elementor-element-b65c239 elementor-widget elementor-widget-heading\" data-id=\"b65c239\" data-element_type=\"widget\" data-widget_type=\"heading.default\">\n\t\t\t\t<div class=\"elementor-widget-container\">\n\t\t\t\t\t<h2 class=\"elementor-heading-title elementor-size-small\">Nach dieser Maxime leben wir unseren Arbeitsalltag<\/h2>\t\t\t\t<\/div>\n\t\t\t\t<\/div>\n\t\t\t\t<div class=\"elementor-element elementor-element-bcc296c elementor-widget elementor-widget-text-editor\" data-id=\"bcc296c\" data-element_type=\"widget\" data-widget_type=\"text-editor.default\">\n\t\t\t\t<div class=\"elementor-widget-container\">\n\t\t\t\t\t\t\t\t\t<p>Als zukunftsorientiertes Unternehmen mit einer lebendigen und nachhaltigen Firmenpolitik entwickeln wir uns stetig weiter und haben uns selbst verpflichtet, nach hohen ethischen, sozialen und umweltorientierten Zielen in wirtschaftlicher Verantwortung zu handeln.<\/p><p><strong>\"Werte kann man nicht lehren, Werte muss man vorleben.\"<\/strong><\/p><p><strong>&#8211; <\/strong><strong>\u00a0Mukund Lakhani<\/strong><\/p>\t\t\t\t\t\t\t\t<\/div>\n\t\t\t\t<\/div>\n\t\t\t\t\t<\/div>\n\t\t<\/div>\n\t\t\t\t\t<\/div>\n\t\t<\/section>\n\t\t\t\t<section class=\"elementor-section elementor-top-section elementor-element elementor-element-29d144d elementor-section-boxed elementor-section-height-default elementor-section-height-default\" data-id=\"29d144d\" data-element_type=\"section\">\n\t\t\t\t\t\t<div class=\"elementor-container elementor-column-gap-no\">\n\t\t\t\t\t<div class=\"elementor-column elementor-col-100 elementor-top-column elementor-element elementor-element-380ad15\" data-id=\"380ad15\" data-element_type=\"column\" data-settings=\"{&quot;background_background&quot;:&quot;classic&quot;}\">\n\t\t\t<div class=\"elementor-widget-wrap elementor-element-populated\">\n\t\t\t\t\t\t<div class=\"elementor-element elementor-element-f5c2fcf elementor-widget elementor-widget-heading\" data-id=\"f5c2fcf\" data-element_type=\"widget\" data-widget_type=\"heading.default\">\n\t\t\t\t<div class=\"elementor-widget-container\">\n\t\t\t\t\t<h2 class=\"elementor-heading-title elementor-size-default\">Wir Glauben<\/h2>\t\t\t\t<\/div>\n\t\t\t\t<\/div>\n\t\t\t\t<section class=\"elementor-section elementor-inner-section elementor-element elementor-element-ae6f7c6 elementor-section-full_width elementor-section-height-default elementor-section-height-default\" data-id=\"ae6f7c6\" data-element_type=\"section\">\n\t\t\t\t\t\t<div class=\"elementor-container elementor-column-gap-default\">\n\t\t\t\t\t<div class=\"elementor-column elementor-col-33 elementor-inner-column elementor-element elementor-element-3994b94\" data-id=\"3994b94\" data-element_type=\"column\">\n\t\t\t<div class=\"elementor-widget-wrap elementor-element-populated\">\n\t\t\t\t\t\t<div class=\"elementor-element elementor-element-97eb06b elementor-widget elementor-widget-image\" data-id=\"97eb06b\" data-element_type=\"widget\" data-widget_type=\"image.default\">\n\t\t\t\t<div class=\"elementor-widget-container\">\n\t\t\t\t\t\t\t\t\t\t\t\t\t\t\t<img fetchpriority=\"high\" decoding=\"async\" width=\"829\" height=\"559\" src=\"https:\/\/elastomer-technik.com\/wp-content\/uploads\/2023\/03\/Produktion-4.png\" class=\"attachment-large size-large wp-image-1207\" alt=\"\" srcset=\"https:\/\/elastomer-technik.com\/wp-content\/uploads\/2023\/03\/Produktion-4.png 829w, https:\/\/elastomer-technik.com\/wp-content\/uploads\/2023\/03\/Produktion-4-300x202.png 300w, https:\/\/elastomer-technik.com\/wp-content\/uploads\/2023\/03\/Produktion-4-768x518.png 768w\" sizes=\"(max-width: 829px) 100vw, 829px\" \/>\t\t\t\t\t\t\t\t\t\t\t\t\t\t\t<\/div>\n\t\t\t\t<\/div>\n\t\t\t\t<div class=\"elementor-element elementor-element-c95dce7 elementor-widget elementor-widget-heading\" data-id=\"c95dce7\" data-element_type=\"widget\" data-widget_type=\"heading.default\">\n\t\t\t\t<div class=\"elementor-widget-container\">\n\t\t\t\t\t<h4 class=\"elementor-heading-title elementor-size-default\">Ihre Ziele sind unsere Ziele.<\/h4>\t\t\t\t<\/div>\n\t\t\t\t<\/div>\n\t\t\t\t<div class=\"elementor-element elementor-element-ea422f0 elementor-widget elementor-widget-text-editor\" data-id=\"ea422f0\" data-element_type=\"widget\" data-widget_type=\"text-editor.default\">\n\t\t\t\t<div class=\"elementor-widget-container\">\n\t\t\t\t\t\t\t\t\t<p>Die Bed\u00fcrfnisse unserer Kunden haben wir immer fest im Blick. F\u00fcr den Erfolg unserer Kunden setzen unsere Mitarbeiter ihre gesamte Kompetenz und Professionalit\u00e4t ein. Maximales Engagement.<\/p>\t\t\t\t\t\t\t\t<\/div>\n\t\t\t\t<\/div>\n\t\t\t\t\t<\/div>\n\t\t<\/div>\n\t\t\t\t<div class=\"elementor-column elementor-col-33 elementor-inner-column elementor-element elementor-element-a9a08db\" data-id=\"a9a08db\" data-element_type=\"column\">\n\t\t\t<div class=\"elementor-widget-wrap elementor-element-populated\">\n\t\t\t\t\t\t<div class=\"elementor-element elementor-element-88a47f7 elementor-widget elementor-widget-image\" data-id=\"88a47f7\" data-element_type=\"widget\" data-widget_type=\"image.default\">\n\t\t\t\t<div class=\"elementor-widget-container\">\n\t\t\t\t\t\t\t\t\t\t\t\t\t\t\t<img decoding=\"async\" width=\"1024\" height=\"689\" src=\"https:\/\/elastomer-technik.com\/wp-content\/uploads\/2023\/03\/werkzeugbau-2-2-1024x689.png\" class=\"attachment-large size-large wp-image-1208\" alt=\"\" srcset=\"https:\/\/elastomer-technik.com\/wp-content\/uploads\/2023\/03\/werkzeugbau-2-2-1024x689.png 1024w, https:\/\/elastomer-technik.com\/wp-content\/uploads\/2023\/03\/werkzeugbau-2-2-e1678979268797-300x202.png 300w, https:\/\/elastomer-technik.com\/wp-content\/uploads\/2023\/03\/werkzeugbau-2-2-768x517.png 768w, https:\/\/elastomer-technik.com\/wp-content\/uploads\/2023\/03\/werkzeugbau-2-2-1536x1033.png 1536w, https:\/\/elastomer-technik.com\/wp-content\/uploads\/2023\/03\/werkzeugbau-2-2-e1678979268797.png 700w\" sizes=\"(max-width: 1024px) 100vw, 1024px\" \/>\t\t\t\t\t\t\t\t\t\t\t\t\t\t\t<\/div>\n\t\t\t\t<\/div>\n\t\t\t\t<div class=\"elementor-element elementor-element-131670d elementor-widget elementor-widget-heading\" data-id=\"131670d\" data-element_type=\"widget\" data-widget_type=\"heading.default\">\n\t\t\t\t<div class=\"elementor-widget-container\">\n\t\t\t\t\t<h4 class=\"elementor-heading-title elementor-size-default\">Gemeinsam f\u00fcr einen partnerschaftlichen Erfolg.<\/h4>\t\t\t\t<\/div>\n\t\t\t\t<\/div>\n\t\t\t\t<div class=\"elementor-element elementor-element-159677a elementor-widget elementor-widget-text-editor\" data-id=\"159677a\" data-element_type=\"widget\" data-widget_type=\"text-editor.default\">\n\t\t\t\t<div class=\"elementor-widget-container\">\n\t\t\t\t\t\t\t\t\t<p>Wir arbeiten in interdisziplin\u00e4ren Projektteams \u2013 in enger Partnerschaft mit unseren Kunden und Partnern. Wir kommunizieren offen, respektvoll und konstruktiv und sch\u00e4tzen den hohen Wert der Vielfalt menschlicher Sichtweisen und Erfahrungen.<\/p>\t\t\t\t\t\t\t\t<\/div>\n\t\t\t\t<\/div>\n\t\t\t\t\t<\/div>\n\t\t<\/div>\n\t\t\t\t<div class=\"elementor-column elementor-col-33 elementor-inner-column elementor-element elementor-element-f2f193c\" data-id=\"f2f193c\" data-element_type=\"column\">\n\t\t\t<div class=\"elementor-widget-wrap elementor-element-populated\">\n\t\t\t\t\t\t<div class=\"elementor-element elementor-element-06c1539 elementor-widget elementor-widget-image\" data-id=\"06c1539\" data-element_type=\"widget\" data-widget_type=\"image.default\">\n\t\t\t\t<div class=\"elementor-widget-container\">\n\t\t\t\t\t\t\t\t\t\t\t\t\t\t\t<img decoding=\"async\" width=\"1024\" height=\"665\" src=\"https:\/\/elastomer-technik.com\/wp-content\/uploads\/2023\/03\/Produktion-5-1024x665.png\" class=\"attachment-large size-large wp-image-1210\" alt=\"\" srcset=\"https:\/\/elastomer-technik.com\/wp-content\/uploads\/2023\/03\/Produktion-5-1024x665.png 1024w, https:\/\/elastomer-technik.com\/wp-content\/uploads\/2023\/03\/Produktion-5-e1678979314244-300x195.png 300w, https:\/\/elastomer-technik.com\/wp-content\/uploads\/2023\/03\/Produktion-5-768x499.png 768w, https:\/\/elastomer-technik.com\/wp-content\/uploads\/2023\/03\/Produktion-5-1536x997.png 1536w, https:\/\/elastomer-technik.com\/wp-content\/uploads\/2023\/03\/Produktion-5-e1678979314244.png 700w\" sizes=\"(max-width: 1024px) 100vw, 1024px\" \/>\t\t\t\t\t\t\t\t\t\t\t\t\t\t\t<\/div>\n\t\t\t\t<\/div>\n\t\t\t\t<div class=\"elementor-element elementor-element-1fe5e59 elementor-widget elementor-widget-heading\" data-id=\"1fe5e59\" data-element_type=\"widget\" data-widget_type=\"heading.default\">\n\t\t\t\t<div class=\"elementor-widget-container\">\n\t\t\t\t\t<h4 class=\"elementor-heading-title elementor-size-default\">Ehrlich w\u00e4hrt am l\u00e4ngsten.<\/h4>\t\t\t\t<\/div>\n\t\t\t\t<\/div>\n\t\t\t\t<div class=\"elementor-element elementor-element-40e590f elementor-widget elementor-widget-text-editor\" data-id=\"40e590f\" data-element_type=\"widget\" data-widget_type=\"text-editor.default\">\n\t\t\t\t<div class=\"elementor-widget-container\">\n\t\t\t\t\t\t\t\t\t<p>Die Beziehung, in der wir zu internen und externen Stakeholdern stehen, basiert auf Integrit\u00e4t, Vertrauen und Fairness. Wir sind stets ein verl\u00e4sslicher Partner.<br \/>are a solid and reliable partner.<\/p>\t\t\t\t\t\t\t\t<\/div>\n\t\t\t\t<\/div>\n\t\t\t\t\t<\/div>\n\t\t<\/div>\n\t\t\t\t\t<\/div>\n\t\t<\/section>\n\t\t\t\t\t<\/div>\n\t\t<\/div>\n\t\t\t\t\t<\/div>\n\t\t<\/section>\n\t\t\t\t<section class=\"elementor-section elementor-top-section elementor-element elementor-element-1831942 elementor-section-content-middle elementor-section-boxed elementor-section-height-default elementor-section-height-default\" data-id=\"1831942\" data-element_type=\"section\">\n\t\t\t\t\t\t<div class=\"elementor-container elementor-column-gap-no\">\n\t\t\t\t\t<div class=\"elementor-column elementor-col-100 elementor-top-column elementor-element elementor-element-1395b95\" data-id=\"1395b95\" data-element_type=\"column\">\n\t\t\t<div class=\"elementor-widget-wrap elementor-element-populated\">\n\t\t\t\t\t\t<section class=\"elementor-section elementor-inner-section elementor-element elementor-element-a10258f elementor-section-content-top elementor-section-boxed elementor-section-height-default elementor-section-height-default\" data-id=\"a10258f\" data-element_type=\"section\">\n\t\t\t\t\t\t<div class=\"elementor-container elementor-column-gap-default\">\n\t\t\t\t\t<div class=\"elementor-column elementor-col-25 elementor-inner-column elementor-element elementor-element-95f5045\" data-id=\"95f5045\" data-element_type=\"column\">\n\t\t\t<div class=\"elementor-widget-wrap elementor-element-populated\">\n\t\t\t\t\t\t<div class=\"elementor-element elementor-element-bf240f6 elementor-widget elementor-widget-image\" data-id=\"bf240f6\" data-element_type=\"widget\" data-widget_type=\"image.default\">\n\t\t\t\t<div class=\"elementor-widget-container\">\n\t\t\t\t\t\t\t\t\t\t\t\t\t\t\t<img loading=\"lazy\" decoding=\"async\" width=\"1024\" height=\"1024\" src=\"https:\/\/elastomer-technik.com\/wp-content\/uploads\/2023\/03\/werkzeugbau-2-1-1024x1024.png\" class=\"attachment-large size-large wp-image-1098\" alt=\"\" srcset=\"https:\/\/elastomer-technik.com\/wp-content\/uploads\/2023\/03\/werkzeugbau-2-1-1024x1024.png 1024w, https:\/\/elastomer-technik.com\/wp-content\/uploads\/2023\/03\/werkzeugbau-2-1-300x300.png 300w, https:\/\/elastomer-technik.com\/wp-content\/uploads\/2023\/03\/werkzeugbau-2-1-150x150.png 150w, https:\/\/elastomer-technik.com\/wp-content\/uploads\/2023\/03\/werkzeugbau-2-1-1536x1536.png 1536w, https:\/\/elastomer-technik.com\/wp-content\/uploads\/2023\/03\/werkzeugbau-2-1-2048x2048.png 2048w\" sizes=\"(max-width: 1024px) 100vw, 1024px\" \/>\t\t\t\t\t\t\t\t\t\t\t\t\t\t\t<\/div>\n\t\t\t\t<\/div>\n\t\t\t\t<div class=\"elementor-element elementor-element-bfce2a7 elementor-widget elementor-widget-image\" data-id=\"bfce2a7\" data-element_type=\"widget\" data-widget_type=\"image.default\">\n\t\t\t\t<div class=\"elementor-widget-container\">\n\t\t\t\t\t\t\t\t\t\t\t\t\t\t\t<img loading=\"lazy\" decoding=\"async\" width=\"1024\" height=\"1024\" src=\"https:\/\/elastomer-technik.com\/wp-content\/uploads\/2023\/03\/Produktion-1-1024x1024.png\" class=\"attachment-large size-large wp-image-1102\" alt=\"\" srcset=\"https:\/\/elastomer-technik.com\/wp-content\/uploads\/2023\/03\/Produktion-1-1024x1024.png 1024w, https:\/\/elastomer-technik.com\/wp-content\/uploads\/2023\/03\/Produktion-1-300x300.png 300w, https:\/\/elastomer-technik.com\/wp-content\/uploads\/2023\/03\/Produktion-1-150x150.png 150w, https:\/\/elastomer-technik.com\/wp-content\/uploads\/2023\/03\/Produktion-1-1536x1536.png 1536w, https:\/\/elastomer-technik.com\/wp-content\/uploads\/2023\/03\/Produktion-1-2048x2048.png 2048w\" sizes=\"(max-width: 1024px) 100vw, 1024px\" \/>\t\t\t\t\t\t\t\t\t\t\t\t\t\t\t<\/div>\n\t\t\t\t<\/div>\n\t\t\t\t\t<\/div>\n\t\t<\/div>\n\t\t\t\t<div class=\"elementor-column elementor-col-25 elementor-inner-column elementor-element elementor-element-7e0c417\" data-id=\"7e0c417\" data-element_type=\"column\">\n\t\t\t<div class=\"elementor-widget-wrap elementor-element-populated\">\n\t\t\t\t\t\t<div class=\"elementor-element elementor-element-3a2af22 elementor-widget elementor-widget-image\" data-id=\"3a2af22\" data-element_type=\"widget\" data-widget_type=\"image.default\">\n\t\t\t\t<div class=\"elementor-widget-container\">\n\t\t\t\t\t\t\t\t\t\t\t\t\t\t\t<img loading=\"lazy\" decoding=\"async\" width=\"1024\" height=\"1024\" src=\"https:\/\/elastomer-technik.com\/wp-content\/uploads\/2023\/03\/et_image1-1-1-1024x1024.jpg\" class=\"attachment-large size-large wp-image-1099\" alt=\"\" srcset=\"https:\/\/elastomer-technik.com\/wp-content\/uploads\/2023\/03\/et_image1-1-1-1024x1024.jpg 1024w, https:\/\/elastomer-technik.com\/wp-content\/uploads\/2023\/03\/et_image1-1-1-300x300.jpg 300w, https:\/\/elastomer-technik.com\/wp-content\/uploads\/2023\/03\/et_image1-1-1-150x150.jpg 150w, https:\/\/elastomer-technik.com\/wp-content\/uploads\/2023\/03\/et_image1-1-1-1536x1536.jpg 1536w, https:\/\/elastomer-technik.com\/wp-content\/uploads\/2023\/03\/et_image1-1-1-2048x2048.jpg 2048w\" sizes=\"(max-width: 1024px) 100vw, 1024px\" \/>\t\t\t\t\t\t\t\t\t\t\t\t\t\t\t<\/div>\n\t\t\t\t<\/div>\n\t\t\t\t<div class=\"elementor-element elementor-element-5911f37 elementor-widget elementor-widget-image\" data-id=\"5911f37\" data-element_type=\"widget\" data-widget_type=\"image.default\">\n\t\t\t\t<div class=\"elementor-widget-container\">\n\t\t\t\t\t\t\t\t\t\t\t\t\t\t\t<img loading=\"lazy\" decoding=\"async\" width=\"1024\" height=\"688\" src=\"https:\/\/elastomer-technik.com\/wp-content\/uploads\/2023\/03\/Halle-1024x688.png\" class=\"attachment-large size-large wp-image-1223\" alt=\"\" srcset=\"https:\/\/elastomer-technik.com\/wp-content\/uploads\/2023\/03\/Halle-1024x688.png 1024w, https:\/\/elastomer-technik.com\/wp-content\/uploads\/2023\/03\/Halle-300x201.png 300w, https:\/\/elastomer-technik.com\/wp-content\/uploads\/2023\/03\/Halle-768x516.png 768w, https:\/\/elastomer-technik.com\/wp-content\/uploads\/2023\/03\/Halle.png 1337w\" sizes=\"(max-width: 1024px) 100vw, 1024px\" \/>\t\t\t\t\t\t\t\t\t\t\t\t\t\t\t<\/div>\n\t\t\t\t<\/div>\n\t\t\t\t\t<\/div>\n\t\t<\/div>\n\t\t\t\t<div class=\"elementor-column elementor-col-25 elementor-inner-column elementor-element elementor-element-330dc4f\" data-id=\"330dc4f\" data-element_type=\"column\">\n\t\t\t<div class=\"elementor-widget-wrap elementor-element-populated\">\n\t\t\t\t\t\t<div class=\"elementor-element elementor-element-e5aceda elementor-widget elementor-widget-image\" data-id=\"e5aceda\" data-element_type=\"widget\" data-widget_type=\"image.default\">\n\t\t\t\t<div class=\"elementor-widget-container\">\n\t\t\t\t\t\t\t\t\t\t\t\t\t\t\t<img loading=\"lazy\" decoding=\"async\" width=\"761\" height=\"484\" src=\"https:\/\/elastomer-technik.com\/wp-content\/uploads\/2023\/03\/werkzeugbau-3.png\" class=\"attachment-large size-large wp-image-1211\" alt=\"\" srcset=\"https:\/\/elastomer-technik.com\/wp-content\/uploads\/2023\/03\/werkzeugbau-3.png 761w, https:\/\/elastomer-technik.com\/wp-content\/uploads\/2023\/03\/werkzeugbau-3-300x191.png 300w\" sizes=\"(max-width: 761px) 100vw, 761px\" \/>\t\t\t\t\t\t\t\t\t\t\t\t\t\t\t<\/div>\n\t\t\t\t<\/div>\n\t\t\t\t<div class=\"elementor-element elementor-element-454d2b2 elementor-widget elementor-widget-image\" data-id=\"454d2b2\" data-element_type=\"widget\" data-widget_type=\"image.default\">\n\t\t\t\t<div class=\"elementor-widget-container\">\n\t\t\t\t\t\t\t\t\t\t\t\t\t\t\t<img loading=\"lazy\" decoding=\"async\" width=\"1024\" height=\"620\" src=\"https:\/\/elastomer-technik.com\/wp-content\/uploads\/2023\/03\/Formeinsatz-1024x620.png\" class=\"attachment-large size-large wp-image-1205\" alt=\"\" srcset=\"https:\/\/elastomer-technik.com\/wp-content\/uploads\/2023\/03\/Formeinsatz-1024x620.png 1024w, https:\/\/elastomer-technik.com\/wp-content\/uploads\/2023\/03\/Formeinsatz-300x182.png 300w, https:\/\/elastomer-technik.com\/wp-content\/uploads\/2023\/03\/Formeinsatz-768x465.png 768w, https:\/\/elastomer-technik.com\/wp-content\/uploads\/2023\/03\/Formeinsatz.png 1171w\" sizes=\"(max-width: 1024px) 100vw, 1024px\" \/>\t\t\t\t\t\t\t\t\t\t\t\t\t\t\t<\/div>\n\t\t\t\t<\/div>\n\t\t\t\t\t<\/div>\n\t\t<\/div>\n\t\t\t\t<div class=\"elementor-column elementor-col-25 elementor-inner-column elementor-element elementor-element-f5a4ebb\" data-id=\"f5a4ebb\" data-element_type=\"column\">\n\t\t\t<div class=\"elementor-widget-wrap elementor-element-populated\">\n\t\t\t\t\t\t<div class=\"elementor-element elementor-element-d199ce3 elementor-widget elementor-widget-image\" data-id=\"d199ce3\" data-element_type=\"widget\" data-widget_type=\"image.default\">\n\t\t\t\t<div class=\"elementor-widget-container\">\n\t\t\t\t\t\t\t\t\t\t\t\t\t\t\t<img loading=\"lazy\" decoding=\"async\" width=\"1024\" height=\"1024\" src=\"https:\/\/elastomer-technik.com\/wp-content\/uploads\/2023\/03\/Produktion-2-2-1024x1024.png\" class=\"attachment-large size-large wp-image-1100\" alt=\"\" srcset=\"https:\/\/elastomer-technik.com\/wp-content\/uploads\/2023\/03\/Produktion-2-2-1024x1024.png 1024w, https:\/\/elastomer-technik.com\/wp-content\/uploads\/2023\/03\/Produktion-2-2-300x300.png 300w, https:\/\/elastomer-technik.com\/wp-content\/uploads\/2023\/03\/Produktion-2-2-150x150.png 150w, https:\/\/elastomer-technik.com\/wp-content\/uploads\/2023\/03\/Produktion-2-2-1536x1536.png 1536w, https:\/\/elastomer-technik.com\/wp-content\/uploads\/2023\/03\/Produktion-2-2-2048x2048.png 2048w\" sizes=\"(max-width: 1024px) 100vw, 1024px\" \/>\t\t\t\t\t\t\t\t\t\t\t\t\t\t\t<\/div>\n\t\t\t\t<\/div>\n\t\t\t\t<div class=\"elementor-element elementor-element-06b7c0e elementor-widget elementor-widget-image\" data-id=\"06b7c0e\" data-element_type=\"widget\" data-widget_type=\"image.default\">\n\t\t\t\t<div class=\"elementor-widget-container\">\n\t\t\t\t\t\t\t\t\t\t\t\t\t\t\t<img loading=\"lazy\" decoding=\"async\" width=\"769\" height=\"508\" src=\"https:\/\/elastomer-technik.com\/wp-content\/uploads\/2023\/03\/Atembeutel.png\" class=\"attachment-large size-large wp-image-1227\" alt=\"\" srcset=\"https:\/\/elastomer-technik.com\/wp-content\/uploads\/2023\/03\/Atembeutel.png 769w, https:\/\/elastomer-technik.com\/wp-content\/uploads\/2023\/03\/Atembeutel-300x198.png 300w\" sizes=\"(max-width: 769px) 100vw, 769px\" \/>\t\t\t\t\t\t\t\t\t\t\t\t\t\t\t<\/div>\n\t\t\t\t<\/div>\n\t\t\t\t\t<\/div>\n\t\t<\/div>\n\t\t\t\t\t<\/div>\n\t\t<\/section>\n\t\t\t\t\t<\/div>\n\t\t<\/div>\n\t\t\t\t\t<\/div>\n\t\t<\/section>\n\t\t\t\t<\/div>","protected":false},"excerpt":{"rendered":"<p>Your partner for silicone products \u2013 spanning various industries Due to our innovative solutions, ET has become one of the leading companies in silicone processing and now manufactures over 2.000 customized products and millions of parts per day. Design, mould-making, prototyping, cleanroom or serial production \u2013 We offer all services under one roof. Silicone in &hellip;<\/p>\n<p class=\"read-more\"> <a class=\"\" href=\"https:\/\/elastomer-technik.com\/de\/\"> <span class=\"screen-reader-text\">HOME<\/span> Weiterlesen &raquo;<\/a><\/p>","protected":false},"author":1,"featured_media":0,"parent":0,"menu_order":0,"comment_status":"closed","ping_status":"closed","template":"","meta":{"site-sidebar-layout":"no-sidebar","site-content-layout":"page-builder","ast-global-header-display":"","ast-main-header-display":"","ast-hfb-above-header-display":"","ast-hfb-below-header-display":"","ast-hfb-mobile-header-display":"","site-post-title":"disabled","ast-breadcrumbs-content":"","ast-featured-img":"disabled","footer-sml-layout":"","theme-transparent-header-meta":"enabled","adv-header-id-meta":"","stick-header-meta":"","header-above-stick-meta":"","header-main-stick-meta":"","header-below-stick-meta":"","footnotes":""},"class_list":["post-497","page","type-page","status-publish","hentry"],"_links":{"self":[{"href":"https:\/\/elastomer-technik.com\/de\/wp-json\/wp\/v2\/pages\/497","targetHints":{"allow":["GET"]}}],"collection":[{"href":"https:\/\/elastomer-technik.com\/de\/wp-json\/wp\/v2\/pages"}],"about":[{"href":"https:\/\/elastomer-technik.com\/de\/wp-json\/wp\/v2\/types\/page"}],"author":[{"embeddable":true,"href":"https:\/\/elastomer-technik.com\/de\/wp-json\/wp\/v2\/users\/1"}],"replies":[{"embeddable":true,"href":"https:\/\/elastomer-technik.com\/de\/wp-json\/wp\/v2\/comments?post=497"}],"version-history":[{"count":56,"href":"https:\/\/elastomer-technik.com\/de\/wp-json\/wp\/v2\/pages\/497\/revisions"}],"predecessor-version":[{"id":1454,"href":"https:\/\/elastomer-technik.com\/de\/wp-json\/wp\/v2\/pages\/497\/revisions\/1454"}],"wp:attachment":[{"href":"https:\/\/elastomer-technik.com\/de\/wp-json\/wp\/v2\/media?parent=497"}],"curies":[{"name":"wp","href":"https:\/\/api.w.org\/{rel}","templated":true}]}}